{"id":1700,"date":"2025-02-28T14:28:31","date_gmt":"2025-02-28T14:28:31","guid":{"rendered":"https:\/\/www.siau.cat\/?page_id=1700"},"modified":"2025-06-19T19:27:36","modified_gmt":"2025-06-19T19:27:36","slug":"p1","status":"publish","type":"page","link":"https:\/\/www.siau.cat\/index.php\/p1\/","title":{"rendered":"Cursos homologats SIAU"},"content":{"rendered":"<div class=\"wp-block-image\">\n<figure class=\"aligncenter is-resized\"><img loading=\"lazy\" decoding=\"async\" width=\"1024\" height=\"768\" src=\"https:\/\/www.siau.cat\/wp-content\/uploads\/2025\/02\/SIAU-transparent-2-1024x768.png\" alt=\"\" class=\"wp-image-1683\" style=\"width:346px;height:auto\" srcset=\"https:\/\/www.siau.cat\/wp-content\/uploads\/2025\/02\/SIAU-transparent-2-1024x768.png 1024w, https:\/\/www.siau.cat\/wp-content\/uploads\/2025\/02\/SIAU-transparent-2-350x262.png 350w, https:\/\/www.siau.cat\/wp-content\/uploads\/2025\/02\/SIAU-transparent-2-300x225.png 300w, https:\/\/www.siau.cat\/wp-content\/uploads\/2025\/02\/SIAU-transparent-2-768x576.png 768w, https:\/\/www.siau.cat\/wp-content\/uploads\/2025\/02\/SIAU-transparent-2-24x18.png 24w, https:\/\/www.siau.cat\/wp-content\/uploads\/2025\/02\/SIAU-transparent-2-36x27.png 36w, https:\/\/www.siau.cat\/wp-content\/uploads\/2025\/02\/SIAU-transparent-2-48x36.png 48w, https:\/\/www.siau.cat\/wp-content\/uploads\/2025\/02\/SIAU-transparent-2.png 1246w\" sizes=\"auto, (max-width: 767px) 89vw, (max-width: 1000px) 54vw, (max-width: 1071px) 543px, 580px\" \/><\/figure>\n<\/div>\n\n\n<p><strong>A DIST\u00c0NCIA:<\/strong><\/p>\n\n\n\n<ul class=\"wp-block-list\">\n<li>Curs 1. Neuroci\u00e8ncia i creaci\u00f3 d\u2019h\u00e0bits a les aules (juny) &#8211; Emplena el seg\u00fcent formulari i clica aqu\u00ed per inscriure&#8217;t. <mark style=\"background-color:rgba(0, 0, 0, 0)\" class=\"has-inline-color has-vivid-green-cyan-color\"><mark style=\"background-color:rgba(0, 0, 0, 0)\" class=\"has-inline-color has-vivid-red-color\">Tancat<\/mark><\/mark> (places limitades)<br>(50h &#8211; 40\u20ac, 1\/6\/2025 &#8211; 30\/6\/2025)<\/li>\n<\/ul>\n\n\n\n<ul class=\"wp-block-list\">\n<li>Curs 2. Introducci\u00f3 al llenguatge html (juny) &#8211; Emplena el seg\u00fcent formulari i clica aqu\u00ed per inscriure&#8217;t. <mark style=\"background-color:rgba(0, 0, 0, 0)\" class=\"has-inline-color has-vivid-green-cyan-color\"><mark style=\"background-color:rgba(0, 0, 0, 0)\" class=\"has-inline-color has-vivid-red-color\">Tancat<\/mark><\/mark>(places limitades)<br>(50h &#8211; 40\u20ac, 1\/6\/2025 &#8211; 30\/6\/2025)<\/li>\n<\/ul>\n\n\n\n<p><strong>PRESENCIAL:<\/strong><\/p>\n\n\n\n<ul class=\"wp-block-list\">\n<li>Curs 1. <mark style=\"background-color:rgba(0, 0, 0, 0)\" class=\"has-inline-color has-vivid-red-color\">NOM\u00c9S HOMOLOGAT PER INFANTIL I PRIM\u00c0RIA<\/mark> &#8211; Con\u00e8ixer-se per educar; un viatge d\u2019intel\u00b7lig\u00e8ncia emocional per a docents &#8211; Clica aqu\u00ed per inscriure&#8217;t. <mark style=\"background-color:rgba(0, 0, 0, 0)\" class=\"has-inline-color has-vivid-red-color\">Tancat<\/mark><br>(20h &#8211; 50\u20ac, els horabaixes del 7\/3\/2025, 4\/4\/2025, 9\/5\/2025 i 6\/6\/2025)<\/li>\n\n\n\n<li>Curs 2. L&#8217;Orff Schulwerk, m\u00e9s que uns xil\u00f2fons dins l&#8217;aula &#8211; Clica aqu\u00ed per inscriure&#8217;t. <mark style=\"background-color:rgba(0, 0, 0, 0)\" class=\"has-inline-color has-vivid-red-color\">Tancat<\/mark> (places limitades)<br>(20h &#8211; 50\u20ac, els matins i horabaixes del 10\/5\/2025 i 24\/5\/2025)<\/li>\n<\/ul>\n\n\n\n<p><\/p>\n","protected":false},"excerpt":{"rendered":"<p>A DIST\u00c0NCIA: PRESENCIAL:<\/p>\n","protected":false},"author":1,"featured_media":0,"parent":0,"menu_order":0,"comment_status":"closed","ping_status":"closed","template":"","meta":{"footnotes":""},"class_list":["post-1700","page","type-page","status-publish","hentry"],"yoast_head":"<!-- This site is optimized with the Yoast SEO plugin v25.4 - https:\/\/yoast.com\/wordpress\/plugins\/seo\/ -->\n<title>Cursos homologats SIAU &#8212; SIAU - SINDICAT INDEPENDENT, AUT\u00d2NOM I UNITARI<\/title>\n<meta name=\"robots\" content=\"index, follow, max-snippet:-1, max-image-preview:large, max-video-preview:-1\" \/>\n<link rel=\"canonical\" href=\"https:\/\/www.siau.cat\/index.php\/p1\/\" \/>\n<meta property=\"og:locale\" content=\"ca_ES\" \/>\n<meta property=\"og:type\" content=\"article\" \/>\n<meta property=\"og:title\" content=\"Cursos homologats SIAU &#8212; SIAU - SINDICAT INDEPENDENT, AUT\u00d2NOM I UNITARI\" \/>\n<meta property=\"og:description\" content=\"A DIST\u00c0NCIA: PRESENCIAL:\" \/>\n<meta property=\"og:url\" content=\"https:\/\/www.siau.cat\/index.php\/p1\/\" \/>\n<meta property=\"og:site_name\" content=\"SIAU - SINDICAT INDEPENDENT, AUT\u00d2NOM I UNITARI\" \/>\n<meta property=\"article:modified_time\" content=\"2025-06-19T19:27:36+00:00\" \/>\n<meta property=\"og:image\" content=\"https:\/\/www.siau.cat\/wp-content\/uploads\/2025\/02\/SIAU-transparent-2.png\" \/>\n\t<meta property=\"og:image:width\" content=\"1246\" \/>\n\t<meta property=\"og:image:height\" content=\"934\" \/>\n\t<meta property=\"og:image:type\" content=\"image\/png\" \/>\n<meta name=\"twitter:card\" content=\"summary_large_image\" \/>\n<meta name=\"twitter:label1\" content=\"Temps estimat de lectura\" \/>\n\t<meta name=\"twitter:data1\" content=\"1 minut\" \/>\n<script type=\"application\/ld+json\" class=\"yoast-schema-graph\">{\"@context\":\"https:\/\/schema.org\",\"@graph\":[{\"@type\":\"WebPage\",\"@id\":\"https:\/\/www.siau.cat\/index.php\/p1\/\",\"url\":\"https:\/\/www.siau.cat\/index.php\/p1\/\",\"name\":\"Cursos homologats SIAU &#8212; SIAU - SINDICAT INDEPENDENT, AUT\u00d2NOM I UNITARI\",\"isPartOf\":{\"@id\":\"https:\/\/www.siau.cat\/#website\"},\"primaryImageOfPage\":{\"@id\":\"https:\/\/www.siau.cat\/index.php\/p1\/#primaryimage\"},\"image\":{\"@id\":\"https:\/\/www.siau.cat\/index.php\/p1\/#primaryimage\"},\"thumbnailUrl\":\"https:\/\/www.siau.cat\/wp-content\/uploads\/2025\/02\/SIAU-transparent-2-1024x768.png\",\"datePublished\":\"2025-02-28T14:28:31+00:00\",\"dateModified\":\"2025-06-19T19:27:36+00:00\",\"breadcrumb\":{\"@id\":\"https:\/\/www.siau.cat\/index.php\/p1\/#breadcrumb\"},\"inLanguage\":\"ca\",\"potentialAction\":[{\"@type\":\"ReadAction\",\"target\":[\"https:\/\/www.siau.cat\/index.php\/p1\/\"]}]},{\"@type\":\"ImageObject\",\"inLanguage\":\"ca\",\"@id\":\"https:\/\/www.siau.cat\/index.php\/p1\/#primaryimage\",\"url\":\"https:\/\/www.siau.cat\/wp-content\/uploads\/2025\/02\/SIAU-transparent-2.png\",\"contentUrl\":\"https:\/\/www.siau.cat\/wp-content\/uploads\/2025\/02\/SIAU-transparent-2.png\",\"width\":1246,\"height\":934},{\"@type\":\"BreadcrumbList\",\"@id\":\"https:\/\/www.siau.cat\/index.php\/p1\/#breadcrumb\",\"itemListElement\":[{\"@type\":\"ListItem\",\"position\":1,\"name\":\"Inici\",\"item\":\"https:\/\/www.siau.cat\/\"},{\"@type\":\"ListItem\",\"position\":2,\"name\":\"Cursos homologats SIAU\"}]},{\"@type\":\"WebSite\",\"@id\":\"https:\/\/www.siau.cat\/#website\",\"url\":\"https:\/\/www.siau.cat\/\",\"name\":\"SIAU - SINDICAT INDEPENDENT, AUT\u00d2NOM I UNITARI\",\"description\":\"Ara s&iacute; que tenim la veu\",\"publisher\":{\"@id\":\"https:\/\/www.siau.cat\/#organization\"},\"potentialAction\":[{\"@type\":\"SearchAction\",\"target\":{\"@type\":\"EntryPoint\",\"urlTemplate\":\"https:\/\/www.siau.cat\/?s={search_term_string}\"},\"query-input\":{\"@type\":\"PropertyValueSpecification\",\"valueRequired\":true,\"valueName\":\"search_term_string\"}}],\"inLanguage\":\"ca\"},{\"@type\":\"Organization\",\"@id\":\"https:\/\/www.siau.cat\/#organization\",\"name\":\"SIAU\",\"url\":\"https:\/\/www.siau.cat\/\",\"logo\":{\"@type\":\"ImageObject\",\"inLanguage\":\"ca\",\"@id\":\"https:\/\/www.siau.cat\/#\/schema\/logo\/image\/\",\"url\":\"https:\/\/www.siau.cat\/wp-content\/uploads\/2022\/03\/cropped-resized_LOGO-SIAU-5-e1652020847972.jpg\",\"contentUrl\":\"https:\/\/www.siau.cat\/wp-content\/uploads\/2022\/03\/cropped-resized_LOGO-SIAU-5-e1652020847972.jpg\",\"width\":1600,\"height\":1200,\"caption\":\"SIAU\"},\"image\":{\"@id\":\"https:\/\/www.siau.cat\/#\/schema\/logo\/image\/\"}}]}<\/script>\n<!-- \/ Yoast SEO plugin. -->","yoast_head_json":{"title":"Cursos homologats SIAU &#8212; SIAU - SINDICAT INDEPENDENT, AUT\u00d2NOM I UNITARI","robots":{"index":"index","follow":"follow","max-snippet":"max-snippet:-1","max-image-preview":"max-image-preview:large","max-video-preview":"max-video-preview:-1"},"canonical":"https:\/\/www.siau.cat\/index.php\/p1\/","og_locale":"ca_ES","og_type":"article","og_title":"Cursos homologats SIAU &#8212; SIAU - SINDICAT INDEPENDENT, AUT\u00d2NOM I UNITARI","og_description":"A DIST\u00c0NCIA: PRESENCIAL:","og_url":"https:\/\/www.siau.cat\/index.php\/p1\/","og_site_name":"SIAU - SINDICAT INDEPENDENT, AUT\u00d2NOM I UNITARI","article_modified_time":"2025-06-19T19:27:36+00:00","og_image":[{"width":1246,"height":934,"url":"https:\/\/www.siau.cat\/wp-content\/uploads\/2025\/02\/SIAU-transparent-2.png","type":"image\/png"}],"twitter_card":"summary_large_image","twitter_misc":{"Temps estimat de lectura":"1 minut"},"schema":{"@context":"https:\/\/schema.org","@graph":[{"@type":"WebPage","@id":"https:\/\/www.siau.cat\/index.php\/p1\/","url":"https:\/\/www.siau.cat\/index.php\/p1\/","name":"Cursos homologats SIAU &#8212; SIAU - SINDICAT INDEPENDENT, AUT\u00d2NOM I UNITARI","isPartOf":{"@id":"https:\/\/www.siau.cat\/#website"},"primaryImageOfPage":{"@id":"https:\/\/www.siau.cat\/index.php\/p1\/#primaryimage"},"image":{"@id":"https:\/\/www.siau.cat\/index.php\/p1\/#primaryimage"},"thumbnailUrl":"https:\/\/www.siau.cat\/wp-content\/uploads\/2025\/02\/SIAU-transparent-2-1024x768.png","datePublished":"2025-02-28T14:28:31+00:00","dateModified":"2025-06-19T19:27:36+00:00","breadcrumb":{"@id":"https:\/\/www.siau.cat\/index.php\/p1\/#breadcrumb"},"inLanguage":"ca","potentialAction":[{"@type":"ReadAction","target":["https:\/\/www.siau.cat\/index.php\/p1\/"]}]},{"@type":"ImageObject","inLanguage":"ca","@id":"https:\/\/www.siau.cat\/index.php\/p1\/#primaryimage","url":"https:\/\/www.siau.cat\/wp-content\/uploads\/2025\/02\/SIAU-transparent-2.png","contentUrl":"https:\/\/www.siau.cat\/wp-content\/uploads\/2025\/02\/SIAU-transparent-2.png","width":1246,"height":934},{"@type":"BreadcrumbList","@id":"https:\/\/www.siau.cat\/index.php\/p1\/#breadcrumb","itemListElement":[{"@type":"ListItem","position":1,"name":"Inici","item":"https:\/\/www.siau.cat\/"},{"@type":"ListItem","position":2,"name":"Cursos homologats SIAU"}]},{"@type":"WebSite","@id":"https:\/\/www.siau.cat\/#website","url":"https:\/\/www.siau.cat\/","name":"SIAU - SINDICAT INDEPENDENT, AUT\u00d2NOM I UNITARI","description":"Ara s&iacute; que tenim la veu","publisher":{"@id":"https:\/\/www.siau.cat\/#organization"},"potentialAction":[{"@type":"SearchAction","target":{"@type":"EntryPoint","urlTemplate":"https:\/\/www.siau.cat\/?s={search_term_string}"},"query-input":{"@type":"PropertyValueSpecification","valueRequired":true,"valueName":"search_term_string"}}],"inLanguage":"ca"},{"@type":"Organization","@id":"https:\/\/www.siau.cat\/#organization","name":"SIAU","url":"https:\/\/www.siau.cat\/","logo":{"@type":"ImageObject","inLanguage":"ca","@id":"https:\/\/www.siau.cat\/#\/schema\/logo\/image\/","url":"https:\/\/www.siau.cat\/wp-content\/uploads\/2022\/03\/cropped-resized_LOGO-SIAU-5-e1652020847972.jpg","contentUrl":"https:\/\/www.siau.cat\/wp-content\/uploads\/2022\/03\/cropped-resized_LOGO-SIAU-5-e1652020847972.jpg","width":1600,"height":1200,"caption":"SIAU"},"image":{"@id":"https:\/\/www.siau.cat\/#\/schema\/logo\/image\/"}}]}},"jetpack_sharing_enabled":true,"_links":{"self":[{"href":"https:\/\/www.siau.cat\/index.php\/wp-json\/wp\/v2\/pages\/1700","targetHints":{"allow":["GET"]}}],"collection":[{"href":"https:\/\/www.siau.cat\/index.php\/wp-json\/wp\/v2\/pages"}],"about":[{"href":"https:\/\/www.siau.cat\/index.php\/wp-json\/wp\/v2\/types\/page"}],"author":[{"embeddable":true,"href":"https:\/\/www.siau.cat\/index.php\/wp-json\/wp\/v2\/users\/1"}],"replies":[{"embeddable":true,"href":"https:\/\/www.siau.cat\/index.php\/wp-json\/wp\/v2\/comments?post=1700"}],"version-history":[{"count":24,"href":"https:\/\/www.siau.cat\/index.php\/wp-json\/wp\/v2\/pages\/1700\/revisions"}],"predecessor-version":[{"id":1914,"href":"https:\/\/www.siau.cat\/index.php\/wp-json\/wp\/v2\/pages\/1700\/revisions\/1914"}],"wp:attachment":[{"href":"https:\/\/www.siau.cat\/index.php\/wp-json\/wp\/v2\/media?parent=1700"}],"curies":[{"name":"wp","href":"https:\/\/api.w.org\/{rel}","templated":true}]}}