{"id":319,"date":"2022-06-07T19:54:58","date_gmt":"2022-06-07T19:54:58","guid":{"rendered":"https:\/\/www.siau.cat\/?page_id=319"},"modified":"2022-06-07T19:55:00","modified_gmt":"2022-06-07T19:55:00","slug":"que-pretenem","status":"publish","type":"page","link":"https:\/\/www.siau.cat\/index.php\/que-pretenem\/","title":{"rendered":"Qu\u00e8 pretenem?"},"content":{"rendered":"\n<p class=\"has-text-align-justify\">Pretenem <strong>tornar a l\u2019ess\u00e8ncia del sindicalisme<\/strong>, un sindicalisme que estigui allunyat de la persecuci\u00f3 d\u2019interessos personals, com tan acostumats estem a presenciar en molts sindicalistes que acaben participant en portes girat\u00f2ries i altres hist\u00f2ries que part de la societat sovint desconeix. Nom\u00e9s aix\u00ed hi haur\u00e0 alguna possibilitat de millorar els drets sociolaborals dels i les docents i tornar a dignificar la nostra tasca.&nbsp;<\/p>\n\n\n\n<p class=\"has-text-align-justify\">De la mateixa manera, \u00e9s imprescindible <strong>lluitar contra aquells que defensen tot all\u00f2 en qu\u00e8 no creuen<\/strong>. Cal que existeixi una coher\u00e8ncia entre les paraules i els fets. No podem tolerar cap mena d\u2019explotaci\u00f3, opressi\u00f3 i discriminaci\u00f3. A m\u00e9s, no nom\u00e9s els nostres companys sin\u00f3 tamb\u00e9 el nostre alumnat ha de tenir un pensament cr\u00edtic, \u00e9s gr\u00e0cies a aquest que continuaran caient m\u00e0scares i que es podr\u00e0 evitar que molts apoltronats continu\u00efn conservant cadires i privilegis.&nbsp;<\/p>\n\n\n\n<p class=\"has-text-align-justify\">A SIAU no tenim dubtes respecte a la necessitat de <strong>defensar la cultura i llengua catalanes<\/strong>. M\u00e9s tenint en compte que vetllem per uns mitjans de comunicaci\u00f3 p\u00fablics que fomentin una programaci\u00f3 educativa variada, de qualitat i en catal\u00e0. Recordem que els ciutadans paguem IB3 en bona part de la nostra butxaca i, per tant, tenim tot el dret del m\u00f3n a exigir uns m\u00ednims que entenem que ara per ara no hi s\u00f3n.<\/p>\n\n\n\n<p class=\"has-text-align-justify\">D\u2019altra banda, <strong>la llibertat d\u2019expressi\u00f3, la llibertat d\u2019acci\u00f3 i la llibertat de c\u00e0tedra s\u00f3n pilars essencials pels que lluitarem fins a les darreres conseq\u00fc\u00e8ncies<\/strong>. Nosaltres no entenem de censures ni d\u2019imposicions. No acceptem ordres que provinguin de c\u00fapules ni de tirans!<\/p>\n","protected":false},"excerpt":{"rendered":"<p>Pretenem tornar a l\u2019ess\u00e8ncia del sindicalisme, un sindicalisme que estigui allunyat de la persecuci\u00f3 d\u2019interessos personals, com tan acostumats estem a presenciar en molts sindicalistes que acaben participant en portes girat\u00f2ries i altres hist\u00f2ries que part de la societat sovint desconeix. Nom\u00e9s aix\u00ed hi haur\u00e0 alguna possibilitat de millorar els drets sociolaborals dels i les &hellip; <\/p>\n<p class=\"link-more\"><a href=\"https:\/\/www.siau.cat\/index.php\/que-pretenem\/\" class=\"more-link\">Continua llegint <span class=\"screen-reader-text\">\u00abQu\u00e8 pretenem?\u00bb<\/span><\/a><\/p>\n","protected":false},"author":1,"featured_media":0,"parent":0,"menu_order":0,"comment_status":"closed","ping_status":"closed","template":"","meta":{"footnotes":""},"class_list":["post-319","page","type-page","status-publish","hentry"],"yoast_head":"<!-- This site is optimized with the Yoast SEO plugin v25.4 - https:\/\/yoast.com\/wordpress\/plugins\/seo\/ -->\n<title>Qu\u00e8 pretenem? &#8212; SIAU - SINDICAT INDEPENDENT, AUT\u00d2NOM I UNITARI<\/title>\n<meta name=\"robots\" content=\"index, follow, max-snippet:-1, max-image-preview:large, max-video-preview:-1\" \/>\n<link rel=\"canonical\" href=\"https:\/\/www.siau.cat\/index.php\/que-pretenem\/\" \/>\n<meta property=\"og:locale\" content=\"ca_ES\" \/>\n<meta property=\"og:type\" content=\"article\" \/>\n<meta property=\"og:title\" content=\"Qu\u00e8 pretenem? &#8212; SIAU - SINDICAT INDEPENDENT, AUT\u00d2NOM I UNITARI\" \/>\n<meta property=\"og:description\" content=\"Pretenem tornar a l\u2019ess\u00e8ncia del sindicalisme, un sindicalisme que estigui allunyat de la persecuci\u00f3 d\u2019interessos personals, com tan acostumats estem a presenciar en molts sindicalistes que acaben participant en portes girat\u00f2ries i altres hist\u00f2ries que part de la societat sovint desconeix. Nom\u00e9s aix\u00ed hi haur\u00e0 alguna possibilitat de millorar els drets sociolaborals dels i les &hellip; Continua llegint \u00abQu\u00e8 pretenem?\u00bb\" \/>\n<meta property=\"og:url\" content=\"https:\/\/www.siau.cat\/index.php\/que-pretenem\/\" \/>\n<meta property=\"og:site_name\" content=\"SIAU - SINDICAT INDEPENDENT, AUT\u00d2NOM I UNITARI\" \/>\n<meta property=\"article:modified_time\" content=\"2022-06-07T19:55:00+00:00\" \/>\n<meta name=\"twitter:card\" content=\"summary_large_image\" \/>\n<meta name=\"twitter:label1\" content=\"Temps estimat de lectura\" \/>\n\t<meta name=\"twitter:data1\" content=\"2 minuts\" \/>\n<script type=\"application\/ld+json\" class=\"yoast-schema-graph\">{\"@context\":\"https:\/\/schema.org\",\"@graph\":[{\"@type\":\"WebPage\",\"@id\":\"https:\/\/www.siau.cat\/index.php\/que-pretenem\/\",\"url\":\"https:\/\/www.siau.cat\/index.php\/que-pretenem\/\",\"name\":\"Qu\u00e8 pretenem? &#8212; SIAU - SINDICAT INDEPENDENT, AUT\u00d2NOM I UNITARI\",\"isPartOf\":{\"@id\":\"https:\/\/www.siau.cat\/#website\"},\"datePublished\":\"2022-06-07T19:54:58+00:00\",\"dateModified\":\"2022-06-07T19:55:00+00:00\",\"breadcrumb\":{\"@id\":\"https:\/\/www.siau.cat\/index.php\/que-pretenem\/#breadcrumb\"},\"inLanguage\":\"ca\",\"potentialAction\":[{\"@type\":\"ReadAction\",\"target\":[\"https:\/\/www.siau.cat\/index.php\/que-pretenem\/\"]}]},{\"@type\":\"BreadcrumbList\",\"@id\":\"https:\/\/www.siau.cat\/index.php\/que-pretenem\/#breadcrumb\",\"itemListElement\":[{\"@type\":\"ListItem\",\"position\":1,\"name\":\"Inici\",\"item\":\"https:\/\/www.siau.cat\/\"},{\"@type\":\"ListItem\",\"position\":2,\"name\":\"Qu\u00e8 pretenem?\"}]},{\"@type\":\"WebSite\",\"@id\":\"https:\/\/www.siau.cat\/#website\",\"url\":\"https:\/\/www.siau.cat\/\",\"name\":\"SIAU - SINDICAT INDEPENDENT, AUT\u00d2NOM I UNITARI\",\"description\":\"Ara s&iacute; que tenim la veu\",\"publisher\":{\"@id\":\"https:\/\/www.siau.cat\/#organization\"},\"potentialAction\":[{\"@type\":\"SearchAction\",\"target\":{\"@type\":\"EntryPoint\",\"urlTemplate\":\"https:\/\/www.siau.cat\/?s={search_term_string}\"},\"query-input\":{\"@type\":\"PropertyValueSpecification\",\"valueRequired\":true,\"valueName\":\"search_term_string\"}}],\"inLanguage\":\"ca\"},{\"@type\":\"Organization\",\"@id\":\"https:\/\/www.siau.cat\/#organization\",\"name\":\"SIAU\",\"url\":\"https:\/\/www.siau.cat\/\",\"logo\":{\"@type\":\"ImageObject\",\"inLanguage\":\"ca\",\"@id\":\"https:\/\/www.siau.cat\/#\/schema\/logo\/image\/\",\"url\":\"https:\/\/www.siau.cat\/wp-content\/uploads\/2022\/03\/cropped-resized_LOGO-SIAU-5-e1652020847972.jpg\",\"contentUrl\":\"https:\/\/www.siau.cat\/wp-content\/uploads\/2022\/03\/cropped-resized_LOGO-SIAU-5-e1652020847972.jpg\",\"width\":1600,\"height\":1200,\"caption\":\"SIAU\"},\"image\":{\"@id\":\"https:\/\/www.siau.cat\/#\/schema\/logo\/image\/\"}}]}<\/script>\n<!-- \/ Yoast SEO plugin. -->","yoast_head_json":{"title":"Qu\u00e8 pretenem? &#8212; SIAU - SINDICAT INDEPENDENT, AUT\u00d2NOM I UNITARI","robots":{"index":"index","follow":"follow","max-snippet":"max-snippet:-1","max-image-preview":"max-image-preview:large","max-video-preview":"max-video-preview:-1"},"canonical":"https:\/\/www.siau.cat\/index.php\/que-pretenem\/","og_locale":"ca_ES","og_type":"article","og_title":"Qu\u00e8 pretenem? &#8212; SIAU - SINDICAT INDEPENDENT, AUT\u00d2NOM I UNITARI","og_description":"Pretenem tornar a l\u2019ess\u00e8ncia del sindicalisme, un sindicalisme que estigui allunyat de la persecuci\u00f3 d\u2019interessos personals, com tan acostumats estem a presenciar en molts sindicalistes que acaben participant en portes girat\u00f2ries i altres hist\u00f2ries que part de la societat sovint desconeix. Nom\u00e9s aix\u00ed hi haur\u00e0 alguna possibilitat de millorar els drets sociolaborals dels i les &hellip; Continua llegint \u00abQu\u00e8 pretenem?\u00bb","og_url":"https:\/\/www.siau.cat\/index.php\/que-pretenem\/","og_site_name":"SIAU - SINDICAT INDEPENDENT, AUT\u00d2NOM I UNITARI","article_modified_time":"2022-06-07T19:55:00+00:00","twitter_card":"summary_large_image","twitter_misc":{"Temps estimat de lectura":"2 minuts"},"schema":{"@context":"https:\/\/schema.org","@graph":[{"@type":"WebPage","@id":"https:\/\/www.siau.cat\/index.php\/que-pretenem\/","url":"https:\/\/www.siau.cat\/index.php\/que-pretenem\/","name":"Qu\u00e8 pretenem? &#8212; SIAU - SINDICAT INDEPENDENT, AUT\u00d2NOM I UNITARI","isPartOf":{"@id":"https:\/\/www.siau.cat\/#website"},"datePublished":"2022-06-07T19:54:58+00:00","dateModified":"2022-06-07T19:55:00+00:00","breadcrumb":{"@id":"https:\/\/www.siau.cat\/index.php\/que-pretenem\/#breadcrumb"},"inLanguage":"ca","potentialAction":[{"@type":"ReadAction","target":["https:\/\/www.siau.cat\/index.php\/que-pretenem\/"]}]},{"@type":"BreadcrumbList","@id":"https:\/\/www.siau.cat\/index.php\/que-pretenem\/#breadcrumb","itemListElement":[{"@type":"ListItem","position":1,"name":"Inici","item":"https:\/\/www.siau.cat\/"},{"@type":"ListItem","position":2,"name":"Qu\u00e8 pretenem?"}]},{"@type":"WebSite","@id":"https:\/\/www.siau.cat\/#website","url":"https:\/\/www.siau.cat\/","name":"SIAU - SINDICAT INDEPENDENT, AUT\u00d2NOM I UNITARI","description":"Ara s&iacute; que tenim la veu","publisher":{"@id":"https:\/\/www.siau.cat\/#organization"},"potentialAction":[{"@type":"SearchAction","target":{"@type":"EntryPoint","urlTemplate":"https:\/\/www.siau.cat\/?s={search_term_string}"},"query-input":{"@type":"PropertyValueSpecification","valueRequired":true,"valueName":"search_term_string"}}],"inLanguage":"ca"},{"@type":"Organization","@id":"https:\/\/www.siau.cat\/#organization","name":"SIAU","url":"https:\/\/www.siau.cat\/","logo":{"@type":"ImageObject","inLanguage":"ca","@id":"https:\/\/www.siau.cat\/#\/schema\/logo\/image\/","url":"https:\/\/www.siau.cat\/wp-content\/uploads\/2022\/03\/cropped-resized_LOGO-SIAU-5-e1652020847972.jpg","contentUrl":"https:\/\/www.siau.cat\/wp-content\/uploads\/2022\/03\/cropped-resized_LOGO-SIAU-5-e1652020847972.jpg","width":1600,"height":1200,"caption":"SIAU"},"image":{"@id":"https:\/\/www.siau.cat\/#\/schema\/logo\/image\/"}}]}},"jetpack_sharing_enabled":true,"_links":{"self":[{"href":"https:\/\/www.siau.cat\/index.php\/wp-json\/wp\/v2\/pages\/319","targetHints":{"allow":["GET"]}}],"collection":[{"href":"https:\/\/www.siau.cat\/index.php\/wp-json\/wp\/v2\/pages"}],"about":[{"href":"https:\/\/www.siau.cat\/index.php\/wp-json\/wp\/v2\/types\/page"}],"author":[{"embeddable":true,"href":"https:\/\/www.siau.cat\/index.php\/wp-json\/wp\/v2\/users\/1"}],"replies":[{"embeddable":true,"href":"https:\/\/www.siau.cat\/index.php\/wp-json\/wp\/v2\/comments?post=319"}],"version-history":[{"count":1,"href":"https:\/\/www.siau.cat\/index.php\/wp-json\/wp\/v2\/pages\/319\/revisions"}],"predecessor-version":[{"id":320,"href":"https:\/\/www.siau.cat\/index.php\/wp-json\/wp\/v2\/pages\/319\/revisions\/320"}],"wp:attachment":[{"href":"https:\/\/www.siau.cat\/index.php\/wp-json\/wp\/v2\/media?parent=319"}],"curies":[{"name":"wp","href":"https:\/\/api.w.org\/{rel}","templated":true}]}}